
     {"id":17347,"date":"2021-09-27T14:34:42","date_gmt":"2021-09-27T12:34:42","guid":{"rendered":"https:\/\/www.four-forestschool.ch\/admissions-process\/"},"modified":"2025-03-17T17:15:46","modified_gmt":"2025-03-17T16:15:46","slug":"zulassungsprozess","status":"publish","type":"page","link":"https:\/\/www.four-forestschool.ch\/de\/zulassungsprozess\/","title":{"rendered":"Zulassungsprozess"},"content":{"rendered":"<div class=\"wpb-content-wrapper\"><p>[vc_row][vc_column]<section  class=\"bg-video-wrap hero section hero--centertext   \" style='background: url(https:\/\/www.four-forestschool.ch\/wp-content\/uploads\/sites\/142\/2024\/07\/DSC_1812-Beatrice-Buhlmann.jpg) center ;background-size:cover ;'>\n                <div class=\"bg-overlay\" style='background:#1f3d36;opacity:0.3;'><\/div>\n                <div class=\"overlay\" >\n                  <div class=\"container-fluid\">\n                    <div class=\"row\">\n                      <div class=\"col-md-12 col-lg-12\">\n\n                        <div class=\"caption text-start\"><div class=\"component sub-heading\" >\n                              <h1 class=\"display-h1\"><b>ZULASSUNGSPROZESS<\/b><\/h1>\n                            <\/div><\/div>\n                      <\/div>\n                    <\/div>\n                  <\/div>\n                <\/div>\n              <\/section><div class='row  m-x-0 breadcrumb-wrap ' style=''><div class='container-fluid' >\n                <nav aria-label='breadcrumb'><ol class=\"breadcrumb mt-3\">\n                  <li class=\"breadcrumb-item\"><a href=\"https:\/\/www.four-forestschool.ch\/de\/\">Home<\/a><\/li>\n                  <li class=\"breadcrumb-item active\" aria-current=\"page\">Zulassungsprozess<\/li>\n                <\/ol>\n              <\/nav>\n              <\/div>\n            <\/div>[\/vc_column][\/vc_row][vc_row][vc_column]<div class=\"wrapper\"><section  style='' class=\"section     container-width \"><div class=\"container-fluid\"><div class=\"row m-0 align-items-center centerText \" >\n                        <div class=\"col-sm-12 col-md-10 col-lg-9 mx-auto\"><div class=\"sub-heading component\">\n                                        <h2 class=\"h5\">Der Beitritt zu uns ist ganz einfach<\/h2>\n                                    <\/div><div class=\"sub-heading component\"><p>Wir verstehen, dass die Wahl der richtigen Schule f\u00fcr Ihr Kind eine wichtige Entscheidung ist, und wir sind hier, um Sie bei jedem Schritt unseres Aufnahmeverfahrens zu unterst\u00fctzen und zu begleiten. Wir freuen uns darauf, Ihre Familie kennenzulernen und Sie mit Four Forest bekannt zu machen.<\/p>\n<p>&nbsp;<\/p>\n<p>Wir nehmen w\u00e4hrend des gesamten Schuljahres Anmeldungen entgegen, und unser erfahrenes Team hilft den Kindern, sich nahtlos zu integrieren, ganz gleich, wann sie zu uns kommen. Bitte nehmen Sie Kontakt mit uns auf, um einen Besuch zu vereinbaren &#8211; wir w\u00fcrden uns freuen, Sie kennenzulernen, Ihnen unsere Schule zu zeigen und Sie mit unserem engagierten Team bekannt zu machen.<\/p>\n<\/div><style>\n                        .flex-button {\n                        margin-top: 25px;\n                    } \n                        \n                    @media (max-width: 767px){\n                     .flex-button {\n                      display: block;\n                      margin-left: 0;\n                    }\n                    .flex-button .text-center{\n                     text-align: left !important;\n                    }\n                    }\n\n\n                        <\/style><\/div><\/div><\/section><\/div>[\/vc_column][\/vc_row][vc_row][vc_column]\n            <div class=\"wrapper\">\n<section  class=\"section  container-width section--blue   \" id=\"sec-1\" style='background-color:#1d3c34;margin-bottom:50px;'>\n   <div class=\"container-fluid\">\n   <div class=\"row m-0 align-items-center text-center mb-4\">\n      <div class=\"col-sm-12 col-md-10 col-lg-7 mx-auto\">\n                     \n         <div class=\"sub-heading component\">\n            <div class=\"h5\">Bewerbung in 4 einfachen Schritten\n            <\/div>\n         <\/div>\n            \n      <\/div>\n   <\/div>\n   <div class=\"row m-0 align-items-center\"><div class=\"col-sm-12 col-md-10 col-lg-7 mx-auto\">\n      \n               <div class=\"card border-0 triangle p-0\">\n               <div class=\"card-body section--white\">\n                  <div class=\"icon-with-heading component mb-3\">\n                                            \n                     <div class=\"icon\">\n                        <div style='background-color:#1d3c34;'>1 <\/div>\n                     <\/div>\n                                           \n                     <div class=\"component\">\n                                                   \n                        <div class=\"sub-heading component mb-0\">\n                           <h6 class=\"mb-0 h6\">Eine Anfrage stellen<\/h6>\n                        <\/div>\n                                             \n                     <\/div>\n                  <\/div>\n                                     \n                  <div class=\"sub-heading component\">\n                     <p class=\"body-small\">Unser Leiter der Zulassungsstelle wird auf Ihre Anfrage antworten und Ihre Fragen beantworten.<\/p>\n                  <\/div>\n                                              \n                  <div class=\"component link pt-3\"><div class=\"component link\"><a href=\"\/de\/anfrage-stellen\/\" class=\" btn btn-primary\">Eine Anfrage stellen<\/a><\/div>                               \n                  <\/div>\n                                \n               <\/div>\n            <\/div>\n            \n               <div class=\"card border-0 triangle p-0\">\n               <div class=\"card-body section--white\">\n                  <div class=\"icon-with-heading component mb-3\">\n                                            \n                     <div class=\"icon\">\n                        <div style='background-color:#1d3c34;'>2 <\/div>\n                     <\/div>\n                                           \n                     <div class=\"component\">\n                                                   \n                        <div class=\"sub-heading component mb-0\">\n                           <h6 class=\"mb-0 h6\">Besuch\/Tour vereinbaren<\/h6>\n                        <\/div>\n                                             \n                     <\/div>\n                  <\/div>\n                                     \n                  <div class=\"sub-heading component\">\n                     <p class=\"body-small\">Wir freuen uns darauf, Ihnen unsere Schule zu zeigen und Ihnen unseren zweisprachigen Bildungsansatz n\u00e4her zu erl\u00e4utern.<\/p>\n                  <\/div>\n                                              \n                  <div class=\"component link pt-3\"><div class=\"component link\"><a href=\"\/de\/eine-schultour-buchen\/\" class=\" btn btn-primary\">Buchen Sie einen Besuch<\/a><\/div>                               \n                  <\/div>\n                                \n               <\/div>\n            <\/div>\n            \n               <div class=\"card border-0 triangle p-0\">\n               <div class=\"card-body section--white\">\n                  <div class=\"icon-with-heading component mb-3\">\n                                            \n                     <div class=\"icon\">\n                        <div style='background-color:#1d3c34;'>3 <\/div>\n                     <\/div>\n                                           \n                     <div class=\"component\">\n                                                   \n                        <div class=\"sub-heading component mb-0\">\n                           <h6 class=\"mb-0 h6\">Vereinbaren Sie einen Schnuppertag<\/h6>\n                        <\/div>\n                                             \n                     <\/div>\n                  <\/div>\n                                     \n                  <div class=\"sub-heading component\">\n                     <p class=\"body-small\">Nach Ihrem Besuch k\u00f6nnen wir f\u00fcr jeden Sch\u00fcler einen oder mehrere Schnuppertage organisieren.<\/p>\n                  <\/div>\n                                     \n                  <div class=\"sub-heading component\">\n                     <p class=\"body-small\"><br>Schnuppertage geben jedem Kind die M\u00f6glichkeit, einen Tag in Four Forest zu erleben, und erm\u00f6glichen es unserem Team, die Sch\u00fcler besser kennen zu lernen.  <\/p>\n                  <\/div>\n                                \n               <\/div>\n            <\/div>\n            \n               <div class=\"card border-0 triangle p-0\">\n               <div class=\"card-body section--white\">\n                  <div class=\"icon-with-heading component mb-3\">\n                                            \n                     <div class=\"icon\">\n                        <div style='background-color:#1d3c34;'>4 <\/div>\n                     <\/div>\n                                           \n                     <div class=\"component\">\n                                                   \n                        <div class=\"sub-heading component mb-0\">\n                           <h6 class=\"mb-0 h6\">Ihre Bewerbung einreichen<\/h6>\n                        <\/div>\n                                             \n                     <\/div>\n                  <\/div>\n                                              \n                  <div class=\"component link pt-3\"><div class=\"component link\"><a href=\"https:\/\/applications.cognita.com\/four-forestschool\/de\/login\/\" class=\" btn btn-primary\" target=\"_blank\">Anmeldeformulare<\/a><\/div>                               \n                  <\/div>\n                                \n               <\/div>\n            <\/div>\n                  \n         <\/div>\n      <\/div>\n   <\/div>\n<\/section>\n\n            <\/div>[\/vc_column][\/vc_row][vc_row][vc_column]<div class=\"wrapper\"><section  style='' class=\"section    pb-0 container-width \"><div class=\"container-fluid\"><div class=\"row m-0 align-items-center centerText \" >\n                        <div class=\"col-sm-12 col-md-10 col-lg-9 mx-auto\"><div class=\"sub-heading component\">\n                                        <h2 class=\"h5\">N\u00e4chste Schritte<\/h2>\n                                    <\/div><div class=\"sub-heading component\"><\/div><style>\n                        .flex-button {\n                        margin-top: 25px;\n                    } \n                        \n                    @media (max-width: 767px){\n                     .flex-button {\n                      display: block;\n                      margin-left: 0;\n                    }\n                    .flex-button .text-center{\n                     text-align: left !important;\n                    }\n                    }\n\n\n                        <\/style><\/div><\/div><\/section><\/div><div class=\"wrapper\"><section  class=\"section  container-width next-step-four pt-0 middle-section \" style=''><div class=\"container-fluid \" ><style>\n            .background-box .heading .h5:after {\n                display:none;\n            }\n            <\/style><div class=\"row m-0 justify-content-center pt-3 pt-md-3\"><style>\n                .thumbnail_img_overlay_9029 .callout-img.halfcol--img .img-overlay {\n                    background: rgba(173,204,145,0.4);\n                    \n                }\n\n                .thumbnail_img_overlay_9029 .tech-images .callout-img.halfcol--img {\n                    background: rgba(173,204,145,0.4);\n                    \n                }\n\n                <\/style><div class=\"col-lg-3 col-md-3 col-sm-3 mb-3 pb-2\">\n                            <div class=\"card card--white tech-images next-steps-module  thumbnail_img_overlay_9029\">   <a class=\"\" href = \"\/de\/offene-tage-besichtigungen\/\" ><div class=\"ratio ratio-21x9 callout-img halfcol--img leftBottom-content\" style=\"background-image: url(https:\/\/www.four-forestschool.ch\/wp-content\/uploads\/sites\/142\/2024\/07\/DSC_1480-Beatrice-Buhlmann.jpg);background-position:center;\">\n                                 \n                                 <div class=\"img-overlay \">\n                                 \n                                     <div class=\"heading component\">\n                                         <h5 class=\"h5\" >Besichtigungen<\/h5>\n                                     <\/div>\n                                   \n                                \n                             <\/div>\n                                 \n                                 <\/div><\/a>\n                            <\/div>\n                        <\/div><style>\n                .thumbnail_img_overlay_3098 .callout-img.halfcol--img .img-overlay {\n                    background: rgba(173,204,145,0.4);\n                    \n                }\n\n                .thumbnail_img_overlay_3098 .tech-images .callout-img.halfcol--img {\n                    background: rgba(173,204,145,0.4);\n                    \n                }\n\n                <\/style><div class=\"col-lg-3 col-md-3 col-sm-3 mb-3 pb-2\">\n                            <div class=\"card card--white tech-images next-steps-module  thumbnail_img_overlay_3098\">   <a class=\"\" href = \"\/de\/akademische-exzellenz\/\" ><div class=\"ratio ratio-21x9 callout-img halfcol--img leftBottom-content\" style=\"background-image: url(https:\/\/www.four-forestschool.ch\/wp-content\/uploads\/sites\/142\/2024\/07\/DSC_1281-Beatrice-Buhlmann.jpg);background-position:center;\">\n                                 \n                                 <div class=\"img-overlay \">\n                                 \n                                     <div class=\"heading component\">\n                                         <h5 class=\"h5\" >Akademische Exzellenz<\/h5>\n                                     <\/div>\n                                   \n                                \n                             <\/div>\n                                 \n                                 <\/div><\/a>\n                            <\/div>\n                        <\/div><style>\n                .thumbnail_img_overlay_4960 .callout-img.halfcol--img .img-overlay {\n                    background: rgba(173,204,145,0.4);\n                    \n                }\n\n                .thumbnail_img_overlay_4960 .tech-images .callout-img.halfcol--img {\n                    background: rgba(173,204,145,0.4);\n                    \n                }\n\n                <\/style><div class=\"col-lg-3 col-md-3 col-sm-3 mb-3 pb-2\">\n                            <div class=\"card card--white tech-images next-steps-module  thumbnail_img_overlay_4960\">   <a class=\"\" href = \"\/de\/anlagen-lage\/\" ><div class=\"ratio ratio-21x9 callout-img halfcol--img leftBottom-content\" style=\"background-image: url(https:\/\/www.four-forestschool.ch\/wp-content\/uploads\/sites\/142\/2024\/07\/DSC_1771-Beatrice-Buhlmann.jpg);background-position:center;\">\n                                 \n                                 <div class=\"img-overlay \">\n                                 \n                                     <div class=\"heading component\">\n                                         <h5 class=\"h5\" >Einrichtungen & Standort<\/h5>\n                                     <\/div>\n                                   \n                                \n                             <\/div>\n                                 \n                                 <\/div><\/a>\n                            <\/div>\n                        <\/div><style>\n                .thumbnail_img_overlay_7925 .callout-img.halfcol--img .img-overlay {\n                    background: rgba(173,204,145,0.4);\n                    \n                }\n\n                .thumbnail_img_overlay_7925 .tech-images .callout-img.halfcol--img {\n                    background: rgba(173,204,145,0.4);\n                    \n                }\n\n                <\/style><div class=\"col-lg-3 col-md-3 col-sm-3 mb-3 pb-2\">\n                            <div class=\"card card--white tech-images next-steps-module  thumbnail_img_overlay_7925\">   <a class=\"\" href = \"\/de\/zulassungsprozess\/\" ><div class=\"ratio ratio-21x9 callout-img halfcol--img leftBottom-content\" style=\"background-image: url(https:\/\/www.four-forestschool.ch\/wp-content\/uploads\/sites\/142\/2024\/07\/DSC_1814-Beatrice-Buhlmann.jpg);background-position:center;\">\n                                 \n                                 <div class=\"img-overlay \">\n                                 \n                                     <div class=\"heading component\">\n                                         <h5 class=\"h5\" >Aufnahme<\/h5>\n                                     <\/div>\n                                   \n                                \n                             <\/div>\n                                 \n                                 <\/div><\/a>\n                            <\/div>\n                        <\/div><\/div><\/div>\n            <\/section><\/div>[\/vc_column][\/vc_row]<\/p>\n<\/div>","protected":false},"excerpt":{"rendered":"<p>[vc_row][vc_column][\/vc_column][\/vc_row][vc_row][vc_column][\/vc_column][\/vc_row][vc_row][vc_column][\/vc_column][\/vc_row][vc_row][vc_column][\/vc_column][\/vc_row]<\/p>\n","protected":false},"author":390,"featured_media":0,"parent":0,"menu_order":41,"comment_status":"closed","ping_status":"closed","template":"","meta":{"_acf_changed":false,"footnotes":""},"class_list":["post-17347","page","type-page","status-publish","hentry"],"acf":[],"yoast_head":"<!-- This site is optimized with the Yoast SEO plugin v26.5 - https:\/\/yoast.com\/wordpress\/plugins\/seo\/ -->\n<title>Zulassungsverfahren - Four Forest Bilingual International School<\/title>\n<meta name=\"description\" content=\"Erfahren Sie mehr \u00fcber das Aufnahmeverfahren an Four Forest.\" \/>\n<meta name=\"robots\" content=\"index, follow, max-snippet:-1, max-image-preview:large, max-video-preview:-1\" \/>\n<link rel=\"canonical\" href=\"https:\/\/www.four-forestschool.ch\/de\/zulassungsprozess\/\" \/>\n<meta property=\"og:locale\" content=\"de_DE\" \/>\n<meta property=\"og:type\" content=\"article\" \/>\n<meta property=\"og:title\" content=\"Zulassungsverfahren - Four Forest Bilingual International School\" \/>\n<meta property=\"og:description\" content=\"Erfahren Sie mehr \u00fcber das Aufnahmeverfahren an Four Forest.\" \/>\n<meta property=\"og:url\" content=\"https:\/\/www.four-forestschool.ch\/de\/zulassungsprozess\/\" \/>\n<meta property=\"og:site_name\" content=\"Four Forest Bilingual International School\" \/>\n<meta property=\"article:publisher\" content=\"https:\/\/www.facebook.com\/61566364066957\" \/>\n<meta property=\"article:modified_time\" content=\"2025-03-17T16:15:46+00:00\" \/>\n<meta name=\"twitter:card\" content=\"summary_large_image\" \/>\n<meta name=\"twitter:label1\" content=\"Est. reading time\" \/>\n\t<meta name=\"twitter:data1\" content=\"1 minute\" \/>\n<script type=\"application\/ld+json\" class=\"yoast-schema-graph\">{\"@context\":\"https:\/\/schema.org\",\"@graph\":[{\"@type\":\"WebPage\",\"@id\":\"https:\/\/www.four-forestschool.ch\/de\/zulassungsprozess\/\",\"url\":\"https:\/\/www.four-forestschool.ch\/de\/zulassungsprozess\/\",\"name\":\"Zulassungsverfahren - Four Forest Bilingual International School\",\"isPartOf\":{\"@id\":\"https:\/\/www.four-forestschool.ch\/de\/#website\"},\"datePublished\":\"2021-09-27T12:34:42+00:00\",\"dateModified\":\"2025-03-17T16:15:46+00:00\",\"description\":\"Erfahren Sie mehr \u00fcber das Aufnahmeverfahren an Four Forest.\",\"breadcrumb\":{\"@id\":\"https:\/\/www.four-forestschool.ch\/de\/zulassungsprozess\/#breadcrumb\"},\"inLanguage\":\"de-DE\",\"potentialAction\":[{\"@type\":\"ReadAction\",\"target\":[\"https:\/\/www.four-forestschool.ch\/de\/zulassungsprozess\/\"]}]},{\"@type\":\"BreadcrumbList\",\"@id\":\"https:\/\/www.four-forestschool.ch\/de\/zulassungsprozess\/#breadcrumb\",\"itemListElement\":[{\"@type\":\"ListItem\",\"position\":1,\"name\":\"Home\",\"item\":\"https:\/\/www.four-forestschool.ch\/de\/\"},{\"@type\":\"ListItem\",\"position\":2,\"name\":\"Zulassungsprozess\"}]},{\"@type\":\"WebSite\",\"@id\":\"https:\/\/www.four-forestschool.ch\/de\/#website\",\"url\":\"https:\/\/www.four-forestschool.ch\/de\/\",\"name\":\"FOUR FOREST Bilingual International School\",\"description\":\"Four Forest Bilingual International School Luzern and Zug.\",\"publisher\":{\"@id\":\"https:\/\/www.four-forestschool.ch\/de\/#organization\"},\"potentialAction\":[{\"@type\":\"SearchAction\",\"target\":{\"@type\":\"EntryPoint\",\"urlTemplate\":\"https:\/\/www.four-forestschool.ch\/de\/?s={search_term_string}\"},\"query-input\":{\"@type\":\"PropertyValueSpecification\",\"valueRequired\":true,\"valueName\":\"search_term_string\"}}],\"inLanguage\":\"de-DE\"},{\"@type\":\"Organization\",\"@id\":\"https:\/\/www.four-forestschool.ch\/de\/#organization\",\"name\":\"FOUR FOREST Bilingual International School\",\"url\":\"https:\/\/www.four-forestschool.ch\/de\/\",\"logo\":{\"@type\":\"ImageObject\",\"inLanguage\":\"de-DE\",\"@id\":\"https:\/\/www.four-forestschool.ch\/de\/#\/schema\/logo\/image\/\",\"url\":\"https:\/\/www.four-forestschool.ch\/wp-content\/uploads\/sites\/142\/2024\/09\/FFS_DGreenLogo_Horizontal.png\",\"contentUrl\":\"https:\/\/www.four-forestschool.ch\/wp-content\/uploads\/sites\/142\/2024\/09\/FFS_DGreenLogo_Horizontal.png\",\"width\":1375,\"height\":283,\"caption\":\"FOUR FOREST Bilingual International School\"},\"image\":{\"@id\":\"https:\/\/www.four-forestschool.ch\/de\/#\/schema\/logo\/image\/\"},\"sameAs\":[\"https:\/\/www.facebook.com\/61566364066957\",\"https:\/\/www.instagram.com\/fourforestschools\/\",\"https:\/\/ch.linkedin.com\/company\/four-forest-bilingual-international-school\"]}]}<\/script>\n<!-- \/ Yoast SEO plugin. -->","yoast_head_json":{"title":"Zulassungsverfahren - Four Forest Bilingual International School","description":"Erfahren Sie mehr \u00fcber das Aufnahmeverfahren an Four Forest.","robots":{"index":"index","follow":"follow","max-snippet":"max-snippet:-1","max-image-preview":"max-image-preview:large","max-video-preview":"max-video-preview:-1"},"canonical":"https:\/\/www.four-forestschool.ch\/de\/zulassungsprozess\/","og_locale":"de_DE","og_type":"article","og_title":"Zulassungsverfahren - Four Forest Bilingual International School","og_description":"Erfahren Sie mehr \u00fcber das Aufnahmeverfahren an Four Forest.","og_url":"https:\/\/www.four-forestschool.ch\/de\/zulassungsprozess\/","og_site_name":"Four Forest Bilingual International School","article_publisher":"https:\/\/www.facebook.com\/61566364066957","article_modified_time":"2025-03-17T16:15:46+00:00","twitter_card":"summary_large_image","twitter_misc":{"Est. reading time":"1 minute"},"schema":{"@context":"https:\/\/schema.org","@graph":[{"@type":"WebPage","@id":"https:\/\/www.four-forestschool.ch\/de\/zulassungsprozess\/","url":"https:\/\/www.four-forestschool.ch\/de\/zulassungsprozess\/","name":"Zulassungsverfahren - Four Forest Bilingual International School","isPartOf":{"@id":"https:\/\/www.four-forestschool.ch\/de\/#website"},"datePublished":"2021-09-27T12:34:42+00:00","dateModified":"2025-03-17T16:15:46+00:00","description":"Erfahren Sie mehr \u00fcber das Aufnahmeverfahren an Four Forest.","breadcrumb":{"@id":"https:\/\/www.four-forestschool.ch\/de\/zulassungsprozess\/#breadcrumb"},"inLanguage":"de-DE","potentialAction":[{"@type":"ReadAction","target":["https:\/\/www.four-forestschool.ch\/de\/zulassungsprozess\/"]}]},{"@type":"BreadcrumbList","@id":"https:\/\/www.four-forestschool.ch\/de\/zulassungsprozess\/#breadcrumb","itemListElement":[{"@type":"ListItem","position":1,"name":"Home","item":"https:\/\/www.four-forestschool.ch\/de\/"},{"@type":"ListItem","position":2,"name":"Zulassungsprozess"}]},{"@type":"WebSite","@id":"https:\/\/www.four-forestschool.ch\/de\/#website","url":"https:\/\/www.four-forestschool.ch\/de\/","name":"FOUR FOREST Bilingual International School","description":"Four Forest Bilingual International School Luzern and Zug.","publisher":{"@id":"https:\/\/www.four-forestschool.ch\/de\/#organization"},"potentialAction":[{"@type":"SearchAction","target":{"@type":"EntryPoint","urlTemplate":"https:\/\/www.four-forestschool.ch\/de\/?s={search_term_string}"},"query-input":{"@type":"PropertyValueSpecification","valueRequired":true,"valueName":"search_term_string"}}],"inLanguage":"de-DE"},{"@type":"Organization","@id":"https:\/\/www.four-forestschool.ch\/de\/#organization","name":"FOUR FOREST Bilingual International School","url":"https:\/\/www.four-forestschool.ch\/de\/","logo":{"@type":"ImageObject","inLanguage":"de-DE","@id":"https:\/\/www.four-forestschool.ch\/de\/#\/schema\/logo\/image\/","url":"https:\/\/www.four-forestschool.ch\/wp-content\/uploads\/sites\/142\/2024\/09\/FFS_DGreenLogo_Horizontal.png","contentUrl":"https:\/\/www.four-forestschool.ch\/wp-content\/uploads\/sites\/142\/2024\/09\/FFS_DGreenLogo_Horizontal.png","width":1375,"height":283,"caption":"FOUR FOREST Bilingual International School"},"image":{"@id":"https:\/\/www.four-forestschool.ch\/de\/#\/schema\/logo\/image\/"},"sameAs":["https:\/\/www.facebook.com\/61566364066957","https:\/\/www.instagram.com\/fourforestschools\/","https:\/\/ch.linkedin.com\/company\/four-forest-bilingual-international-school"]}]}},"jetpack_sharing_enabled":true,"_links":{"self":[{"href":"https:\/\/www.four-forestschool.ch\/de\/wp-json\/wp\/v2\/pages\/17347","targetHints":{"allow":["GET"]}}],"collection":[{"href":"https:\/\/www.four-forestschool.ch\/de\/wp-json\/wp\/v2\/pages"}],"about":[{"href":"https:\/\/www.four-forestschool.ch\/de\/wp-json\/wp\/v2\/types\/page"}],"author":[{"embeddable":true,"href":"https:\/\/www.four-forestschool.ch\/de\/wp-json\/wp\/v2\/users\/390"}],"replies":[{"embeddable":true,"href":"https:\/\/www.four-forestschool.ch\/de\/wp-json\/wp\/v2\/comments?post=17347"}],"version-history":[{"count":19,"href":"https:\/\/www.four-forestschool.ch\/de\/wp-json\/wp\/v2\/pages\/17347\/revisions"}],"predecessor-version":[{"id":19760,"href":"https:\/\/www.four-forestschool.ch\/de\/wp-json\/wp\/v2\/pages\/17347\/revisions\/19760"}],"wp:attachment":[{"href":"https:\/\/www.four-forestschool.ch\/de\/wp-json\/wp\/v2\/media?parent=17347"}],"curies":[{"name":"wp","href":"https:\/\/api.w.org\/{rel}","templated":true}]}}